{"id":17,"date":"2022-03-22T12:29:39","date_gmt":"2022-03-22T11:29:39","guid":{"rendered":"http:\/\/genp2022.pbf.hr\/?page_id=17"},"modified":"2022-10-07T12:38:22","modified_gmt":"2022-10-07T10:38:22","slug":"speakers","status":"publish","type":"page","link":"http:\/\/genp2022.pbf.hr\/?page_id=17","title":{"rendered":"Speakers"},"content":{"rendered":"<h2>Plenary Speakers<\/h2>\n\n\n<table style=\"border-collapse: collapse; width: 100%;\">\n<tbody>\n<tr>\n<td style=\"width: 19.0476%; background-color: #e3e3e3; border-color: #ffffff;\" rowspan=\"2\"><img loading=\"lazy\" decoding=\"async\" class=\"alignnone  wp-image-168\" src=\"http:\/\/genp2022.pbf.hr\/wp-content\/uploads\/2022\/03\/Foto-AJ-Melendez-249x300.jpg\" alt=\"\" width=\"138\" height=\"166\" srcset=\"http:\/\/genp2022.pbf.hr\/wp-content\/uploads\/2022\/03\/Foto-AJ-Melendez-249x300.jpg 249w, http:\/\/genp2022.pbf.hr\/wp-content\/uploads\/2022\/03\/Foto-AJ-Melendez-849x1024.jpg 849w, http:\/\/genp2022.pbf.hr\/wp-content\/uploads\/2022\/03\/Foto-AJ-Melendez-768x927.jpg 768w, http:\/\/genp2022.pbf.hr\/wp-content\/uploads\/2022\/03\/Foto-AJ-Melendez.jpg 1151w\" sizes=\"auto, (max-width: 138px) 100vw, 138px\" \/><\/td>\n<td style=\"width: 80.9524%; background-color: #e3e3e3; border-color: #ffffff;\" rowspan=\"2\">\n<h3>Antonio J. Mel\u00e9ndez-Mart\u00ednez (Sevilla, Spain)<\/h3>\n<h5><span style=\"color: #0000ff;\"><a style=\"color: #0000ff;\" href=\"http:\/\/genp2022.pbf.hr\/wp-content\/uploads\/2022\/03\/CV-AJ-Melendez.pdf\" target=\"_blank\" rel=\"noopener\">SHORT CV<\/a><\/span><\/h5>\n<\/td>\n<\/tr>\n<\/tbody>\n<\/table>\n\n\n\n<table style=\"border-collapse: collapse; width: 100%;\">\n<tbody>\n<tr>\n<td style=\"width: 19.0476%; background-color: #e3e3e3; border-color: #ffffff;\" rowspan=\"2\"><img loading=\"lazy\" decoding=\"async\" class=\"alignnone wp-image-203 size-medium\" src=\"http:\/\/genp2022.pbf.hr\/wp-content\/uploads\/2022\/04\/Cravotto-G-257x300.jpg\" alt=\"\" width=\"257\" height=\"300\" srcset=\"http:\/\/genp2022.pbf.hr\/wp-content\/uploads\/2022\/04\/Cravotto-G-257x300.jpg 257w, http:\/\/genp2022.pbf.hr\/wp-content\/uploads\/2022\/04\/Cravotto-G.jpg 700w\" sizes=\"auto, (max-width: 257px) 100vw, 257px\" \/><\/td>\n<td style=\"width: 80.9524%; background-color: #e3e3e3; border-color: #ffffff;\" rowspan=\"2\">\n<h3>Giancarlo Cravotto (Turin, Italy)<\/h3>\n<h5><span style=\"color: #0000ff;\"><a style=\"color: #0000ff;\" href=\"http:\/\/genp2022.pbf.hr\/wp-content\/uploads\/2022\/04\/CV-Cravotto-G.pdf\" target=\"_blank\" rel=\"noopener\">SHORT CV<\/a><\/span><\/h5>\n<\/td>\n<\/tr>\n<\/tbody>\n<\/table>\n\n\n\n<table style=\"border-collapse: collapse; width: 100%;\">\n<tbody>\n<tr>\n<td style=\"width: 19.0476%; background-color: #e3e3e3; border-color: #ffffff;\" rowspan=\"2\"><img loading=\"lazy\" decoding=\"async\" class=\"alignnone wp-image-290 size-medium\" src=\"http:\/\/genp2022.pbf.hr\/wp-content\/uploads\/2022\/05\/barba2-300x271.png\" alt=\"\" width=\"300\" height=\"271\" srcset=\"http:\/\/genp2022.pbf.hr\/wp-content\/uploads\/2022\/05\/barba2-300x271.png 300w, http:\/\/genp2022.pbf.hr\/wp-content\/uploads\/2022\/05\/barba2.png 332w\" sizes=\"auto, (max-width: 300px) 100vw, 300px\" \/><\/td>\n<td style=\"width: 80.9524%; background-color: #e3e3e3; border-color: #ffffff;\" rowspan=\"2\">\n<h3>&nbsp;<\/h3>\n<h3>Francisco Barba (Val\u00e8ncia, Spain)<\/h3>\n<h5><a href=\"http:\/\/genp2022.pbf.hr\/wp-content\/uploads\/2022\/05\/CV-BARBA.pdf\"><span style=\"color: #0000ff;\">SHORT CV<\/span><\/a><\/h5>\n<p>&nbsp;<\/p>\n<\/td>\n<\/tr>\n<\/tbody>\n<\/table>\n\n\n\n<table style=\"border-collapse: collapse; width: 100%;\">\n<tbody>\n<tr>\n<td style=\"width: 19.0476%; background-color: #e3e3e3; border-color: #ffffff;\" rowspan=\"2\"><img loading=\"lazy\" decoding=\"async\" class=\"alignnone wp-image-563 size-medium\" src=\"http:\/\/genp2022.pbf.hr\/wp-content\/uploads\/2022\/10\/Photoaxl2-280x300.jpg\" alt=\"\" width=\"280\" height=\"300\" srcset=\"http:\/\/genp2022.pbf.hr\/wp-content\/uploads\/2022\/10\/Photoaxl2-280x300.jpg 280w, http:\/\/genp2022.pbf.hr\/wp-content\/uploads\/2022\/10\/Photoaxl2.jpg 296w\" sizes=\"auto, (max-width: 280px) 100vw, 280px\" \/><\/td>\n<td style=\"width: 80.9524%; background-color: #e3e3e3; border-color: #ffffff;\" rowspan=\"2\">\n<h3>\u00a0<\/h3>\n<h3><strong>Axel Schmidt <\/strong> (Clausthal, Germany)<\/h3>\n<h5><a href=\"http:\/\/genp2022.pbf.hr\/wp-content\/uploads\/2022\/10\/CV_AS.pdf\"><span style=\"color: #0000ff;\">SHORT CV<\/span><\/a><\/h5>\n<p>\u00a0<\/p>\n<\/td>\n<\/tr>\n<\/tbody>\n<\/table>\n<p>\u00a0<\/p>\n<p>\u00a0<\/p>\n","protected":false},"excerpt":{"rendered":"<p>Plenary Speakers Antonio J. Mel\u00e9ndez-Mart\u00ednez (Sevilla, Spain) SHORT CV Giancarlo Cravotto (Turin, Italy) SHORT CV &nbsp; Francisco Barba (Val\u00e8ncia, Spain) SHORT CV &nbsp; \u00a0 Axel Schmidt (Clausthal, Germany) SHORT CV &#8230;<\/p>\n","protected":false},"author":1,"featured_media":0,"parent":0,"menu_order":0,"comment_status":"closed","ping_status":"closed","template":"","meta":{"footnotes":""},"class_list":["post-17","page","type-page","status-publish","hentry"],"_links":{"self":[{"href":"http:\/\/genp2022.pbf.hr\/index.php?rest_route=\/wp\/v2\/pages\/17","targetHints":{"allow":["GET"]}}],"collection":[{"href":"http:\/\/genp2022.pbf.hr\/index.php?rest_route=\/wp\/v2\/pages"}],"about":[{"href":"http:\/\/genp2022.pbf.hr\/index.php?rest_route=\/wp\/v2\/types\/page"}],"author":[{"embeddable":true,"href":"http:\/\/genp2022.pbf.hr\/index.php?rest_route=\/wp\/v2\/users\/1"}],"replies":[{"embeddable":true,"href":"http:\/\/genp2022.pbf.hr\/index.php?rest_route=%2Fwp%2Fv2%2Fcomments&post=17"}],"version-history":[{"count":25,"href":"http:\/\/genp2022.pbf.hr\/index.php?rest_route=\/wp\/v2\/pages\/17\/revisions"}],"predecessor-version":[{"id":564,"href":"http:\/\/genp2022.pbf.hr\/index.php?rest_route=\/wp\/v2\/pages\/17\/revisions\/564"}],"wp:attachment":[{"href":"http:\/\/genp2022.pbf.hr\/index.php?rest_route=%2Fwp%2Fv2%2Fmedia&parent=17"}],"curies":[{"name":"wp","href":"https:\/\/api.w.org\/{rel}","templated":true}]}}